{"id":6201,"date":"2026-03-16T09:54:04","date_gmt":"2026-03-16T08:54:04","guid":{"rendered":"https:\/\/proofit.tech\/?page_id=6201"},"modified":"2026-03-16T10:11:04","modified_gmt":"2026-03-16T09:11:04","slug":"letoltheto-koszono","status":"publish","type":"page","link":"https:\/\/proofit.tech\/hu\/letoltheto-koszono\/","title":{"rendered":"Let\u00f6lthet\u0151 k\u00f6sz\u00f6n\u0151"},"content":{"rendered":"\t\t<div data-elementor-type=\"wp-page\" data-elementor-id=\"6201\" class=\"elementor elementor-6201\" data-elementor-post-type=\"page\">\n\t\t\t\t<div class=\"elementor-element elementor-element-7e4271bc e-flex e-con-boxed e-con e-parent\" data-id=\"7e4271bc\" data-element_type=\"container\" data-e-type=\"container\" data-settings=\"{&quot;background_background&quot;:&quot;classic&quot;}\">\n\t\t\t\t\t<div class=\"e-con-inner\">\n\t\t<div class=\"elementor-element elementor-element-9fc3492 e-con-full e-flex e-con e-child\" data-id=\"9fc3492\" data-element_type=\"container\" data-e-type=\"container\" data-settings=\"{&quot;background_background&quot;:&quot;classic&quot;}\">\n\t\t\t\t<div class=\"elementor-element elementor-element-5acb9a3f elementor-mobile-align-justify elementor-widget-mobile__width-inherit elementor-widget elementor-widget-button\" data-id=\"5acb9a3f\" data-element_type=\"widget\" data-e-type=\"widget\" data-widget_type=\"button.default\">\n\t\t\t\t\t\t\t\t\t\t<a class=\"elementor-button elementor-button-link elementor-size-sm\" href=\"#\">\n\t\t\t\t\t\t<span class=\"elementor-button-content-wrapper\">\n\t\t\t\t\t\t<span class=\"elementor-button-icon\">\n\t\t\t\t<svg aria-hidden=\"true\" class=\"e-font-icon-svg e-fas-arrow-left\" viewBox=\"0 0 448 512\" xmlns=\"http:\/\/www.w3.org\/2000\/svg\"><path d=\"M257.5 445.1l-22.2 22.2c-9.4 9.4-24.6 9.4-33.9 0L7 273c-9.4-9.4-9.4-24.6 0-33.9L201.4 44.7c9.4-9.4 24.6-9.4 33.9 0l22.2 22.2c9.5 9.5 9.3 25-.4 34.3L136.6 216H424c13.3 0 24 10.7 24 24v32c0 13.3-10.7 24-24 24H136.6l120.5 114.8c9.8 9.3 10 24.8.4 34.3z\"><\/path><\/svg>\t\t\t<\/span>\n\t\t\t\t\t\t\t\t\t<span class=\"elementor-button-text\">Vissza a f\u0151oldalra<\/span>\n\t\t\t\t\t<\/span>\n\t\t\t\t\t<\/a>\n\t\t\t\t\t\t\t\t<\/div>\n\t\t\t\t<div class=\"elementor-element elementor-element-416e5ece elementor-widget-mobile__width-initial elementor-widget elementor-widget-image-box\" data-id=\"416e5ece\" data-element_type=\"widget\" data-e-type=\"widget\" data-widget_type=\"image-box.default\">\n\t\t\t\t\t<div class=\"elementor-image-box-wrapper\"><div class=\"elementor-image-box-content\"><h3 class=\"elementor-image-box-title\">K\u00f6sz\u00f6nj\u00fck a kit\u00f6lt\u00e9st!<\/h3><\/div><\/div>\t\t\t\t<\/div>\n\t\t\t\t<div class=\"elementor-element elementor-element-7a7ac211 elementor-widget__width-initial elementor-widget elementor-widget-image\" data-id=\"7a7ac211\" data-element_type=\"widget\" data-e-type=\"widget\" data-widget_type=\"image.default\">\n\t\t\t\t\t\t\t\t\t\t\t\t\t\t\t<img fetchpriority=\"high\" fetchpriority=\"high\" decoding=\"async\" width=\"643\" height=\"219\" src=\"https:\/\/proofit.tech\/wp-content\/uploads\/2026\/03\/header-logo-1.png\" class=\"attachment-large size-large wp-image-6051\" alt=\"\" srcset=\"https:\/\/proofit.tech\/wp-content\/uploads\/2026\/03\/header-logo-1.png 643w, https:\/\/proofit.tech\/wp-content\/uploads\/2026\/03\/header-logo-1-300x102.png 300w\" sizes=\"(max-width: 643px) 100vw, 643px\" \/>\t\t\t\t\t\t\t\t\t\t\t\t\t\t\t<\/div>\n\t\t\t\t<div class=\"elementor-element elementor-element-3fa3005f elementor-mobile-align-justify elementor-widget-mobile__width-inherit elementor-widget elementor-widget-button\" data-id=\"3fa3005f\" data-element_type=\"widget\" data-e-type=\"widget\" data-widget_type=\"button.default\">\n\t\t\t\t\t\t\t\t\t\t<a class=\"elementor-button elementor-button-link elementor-size-sm\" href=\"#\">\n\t\t\t\t\t\t<span class=\"elementor-button-content-wrapper\">\n\t\t\t\t\t\t<span class=\"elementor-button-icon\">\n\t\t\t\t<svg aria-hidden=\"true\" class=\"e-font-icon-svg e-fas-arrow-down\" viewBox=\"0 0 448 512\" xmlns=\"http:\/\/www.w3.org\/2000\/svg\"><path d=\"M413.1 222.5l22.2 22.2c9.4 9.4 9.4 24.6 0 33.9L241 473c-9.4 9.4-24.6 9.4-33.9 0L12.7 278.6c-9.4-9.4-9.4-24.6 0-33.9l22.2-22.2c9.5-9.5 25-9.3 34.3.4L184 343.4V56c0-13.3 10.7-24 24-24h32c13.3 0 24 10.7 24 24v287.4l114.8-120.5c9.3-9.8 24.8-10 34.3-.4z\"><\/path><\/svg>\t\t\t<\/span>\n\t\t\t\t\t\t\t\t\t<span class=\"elementor-button-text\">\u00datmutat\u00f3 let\u00f6lt\u00e9se<\/span>\n\t\t\t\t\t<\/span>\n\t\t\t\t\t<\/a>\n\t\t\t\t\t\t\t\t<\/div>\n\t\t\t\t<\/div>\n\t\t\t\t\t<\/div>\n\t\t\t\t<\/div>\n\t\t\t\t<\/div>\n\t\t","protected":false},"excerpt":{"rendered":"<p>Vissza a f\u0151oldalra K\u00f6sz\u00f6nj\u00fck a kit\u00f6lt\u00e9st! \u00datmutat\u00f3 let\u00f6lt\u00e9se<\/p>\n","protected":false},"author":4,"featured_media":0,"parent":0,"menu_order":0,"comment_status":"closed","ping_status":"closed","template":"elementor_canvas","meta":{"_et_pb_use_builder":"","_et_pb_old_content":"","_et_gb_content_width":"","footnotes":""},"class_list":["post-6201","page","type-page","status-publish","hentry"],"yoast_head":"<!-- This site is optimized with the Yoast SEO plugin v27.3 - https:\/\/yoast.com\/product\/yoast-seo-wordpress\/ -->\n<title>Let\u00f6lthet\u0151 k\u00f6sz\u00f6n\u0151 - ProofIT<\/title>\n<meta name=\"robots\" content=\"index, follow, max-snippet:-1, max-image-preview:large, max-video-preview:-1\" \/>\n<link rel=\"canonical\" href=\"https:\/\/proofit.tech\/hu\/letoltheto-koszono\/\" \/>\n<meta property=\"og:locale\" content=\"hu_HU\" \/>\n<meta property=\"og:type\" content=\"article\" \/>\n<meta property=\"og:title\" content=\"Let\u00f6lthet\u0151 k\u00f6sz\u00f6n\u0151 - ProofIT\" \/>\n<meta property=\"og:description\" content=\"Vissza a f\u0151oldalra K\u00f6sz\u00f6nj\u00fck a kit\u00f6lt\u00e9st! \u00datmutat\u00f3 let\u00f6lt\u00e9se\" \/>\n<meta property=\"og:url\" content=\"https:\/\/proofit.tech\/hu\/letoltheto-koszono\/\" \/>\n<meta property=\"og:site_name\" content=\"ProofIT\" \/>\n<meta property=\"article:modified_time\" content=\"2026-03-16T09:11:04+00:00\" \/>\n<meta property=\"og:image\" content=\"https:\/\/proofit.tech\/wp-content\/uploads\/2026\/03\/header-logo-1.png\" \/>\n\t<meta property=\"og:image:width\" content=\"643\" \/>\n\t<meta property=\"og:image:height\" content=\"219\" \/>\n\t<meta property=\"og:image:type\" content=\"image\/png\" \/>\n<meta name=\"twitter:card\" content=\"summary_large_image\" \/>\n<meta name=\"twitter:label1\" content=\"Becs\u00fclt olvas\u00e1si id\u0151\" \/>\n\t<meta name=\"twitter:data1\" content=\"1 perc\" \/>\n<script type=\"application\/ld+json\" class=\"yoast-schema-graph\">{\"@context\":\"https:\\\/\\\/schema.org\",\"@graph\":[{\"@type\":\"WebPage\",\"@id\":\"https:\\\/\\\/proofit.tech\\\/hu\\\/letoltheto-koszono\\\/\",\"url\":\"https:\\\/\\\/proofit.tech\\\/hu\\\/letoltheto-koszono\\\/\",\"name\":\"Let\u00f6lthet\u0151 k\u00f6sz\u00f6n\u0151 - ProofIT\",\"isPartOf\":{\"@id\":\"https:\\\/\\\/proofit.tech\\\/hu\\\/#website\"},\"primaryImageOfPage\":{\"@id\":\"https:\\\/\\\/proofit.tech\\\/hu\\\/letoltheto-koszono\\\/#primaryimage\"},\"image\":{\"@id\":\"https:\\\/\\\/proofit.tech\\\/hu\\\/letoltheto-koszono\\\/#primaryimage\"},\"thumbnailUrl\":\"https:\\\/\\\/proofit.tech\\\/wp-content\\\/uploads\\\/2026\\\/03\\\/header-logo-1.png\",\"datePublished\":\"2026-03-16T08:54:04+00:00\",\"dateModified\":\"2026-03-16T09:11:04+00:00\",\"breadcrumb\":{\"@id\":\"https:\\\/\\\/proofit.tech\\\/hu\\\/letoltheto-koszono\\\/#breadcrumb\"},\"inLanguage\":\"hu\",\"potentialAction\":[{\"@type\":\"ReadAction\",\"target\":[\"https:\\\/\\\/proofit.tech\\\/hu\\\/letoltheto-koszono\\\/\"]}]},{\"@type\":\"ImageObject\",\"inLanguage\":\"hu\",\"@id\":\"https:\\\/\\\/proofit.tech\\\/hu\\\/letoltheto-koszono\\\/#primaryimage\",\"url\":\"https:\\\/\\\/proofit.tech\\\/wp-content\\\/uploads\\\/2026\\\/03\\\/header-logo-1.png\",\"contentUrl\":\"https:\\\/\\\/proofit.tech\\\/wp-content\\\/uploads\\\/2026\\\/03\\\/header-logo-1.png\"},{\"@type\":\"BreadcrumbList\",\"@id\":\"https:\\\/\\\/proofit.tech\\\/hu\\\/letoltheto-koszono\\\/#breadcrumb\",\"itemListElement\":[{\"@type\":\"ListItem\",\"position\":1,\"name\":\"Home\",\"item\":\"https:\\\/\\\/proofit.tech\\\/hu\\\/\"},{\"@type\":\"ListItem\",\"position\":2,\"name\":\"Let\u00f6lthet\u0151 k\u00f6sz\u00f6n\u0151\"}]},{\"@type\":\"WebSite\",\"@id\":\"https:\\\/\\\/proofit.tech\\\/hu\\\/#website\",\"url\":\"https:\\\/\\\/proofit.tech\\\/hu\\\/\",\"name\":\"ProofIT\",\"description\":\"V\u00e1llalati tesztautomatiz\u00e1ci\u00f3 fejleszt\u0151i k\u00e9pess\u00e9gek n\u00e9lk\u00fcl\",\"publisher\":{\"@id\":\"https:\\\/\\\/proofit.tech\\\/hu\\\/#organization\"},\"potentialAction\":[{\"@type\":\"SearchAction\",\"target\":{\"@type\":\"EntryPoint\",\"urlTemplate\":\"https:\\\/\\\/proofit.tech\\\/hu\\\/?s={search_term_string}\"},\"query-input\":{\"@type\":\"PropertyValueSpecification\",\"valueRequired\":true,\"valueName\":\"search_term_string\"}}],\"inLanguage\":\"hu\"},{\"@type\":\"Organization\",\"@id\":\"https:\\\/\\\/proofit.tech\\\/hu\\\/#organization\",\"name\":\"ProofIT Kft.\",\"url\":\"https:\\\/\\\/proofit.tech\\\/hu\\\/\",\"logo\":{\"@type\":\"ImageObject\",\"inLanguage\":\"hu\",\"@id\":\"https:\\\/\\\/proofit.tech\\\/hu\\\/#\\\/schema\\\/logo\\\/image\\\/\",\"url\":\"https:\\\/\\\/proofit.tech\\\/wp-content\\\/uploads\\\/2018\\\/07\\\/header-logo.png\",\"contentUrl\":\"https:\\\/\\\/proofit.tech\\\/wp-content\\\/uploads\\\/2018\\\/07\\\/header-logo.png\",\"width\":300,\"height\":102,\"caption\":\"ProofIT Kft.\"},\"image\":{\"@id\":\"https:\\\/\\\/proofit.tech\\\/hu\\\/#\\\/schema\\\/logo\\\/image\\\/\"}}]}<\/script>\n<!-- \/ Yoast SEO plugin. -->","yoast_head_json":{"title":"Let\u00f6lthet\u0151 k\u00f6sz\u00f6n\u0151 - ProofIT","robots":{"index":"index","follow":"follow","max-snippet":"max-snippet:-1","max-image-preview":"max-image-preview:large","max-video-preview":"max-video-preview:-1"},"canonical":"https:\/\/proofit.tech\/hu\/letoltheto-koszono\/","og_locale":"hu_HU","og_type":"article","og_title":"Let\u00f6lthet\u0151 k\u00f6sz\u00f6n\u0151 - ProofIT","og_description":"Vissza a f\u0151oldalra K\u00f6sz\u00f6nj\u00fck a kit\u00f6lt\u00e9st! \u00datmutat\u00f3 let\u00f6lt\u00e9se","og_url":"https:\/\/proofit.tech\/hu\/letoltheto-koszono\/","og_site_name":"ProofIT","article_modified_time":"2026-03-16T09:11:04+00:00","og_image":[{"width":643,"height":219,"url":"https:\/\/proofit.tech\/wp-content\/uploads\/2026\/03\/header-logo-1.png","type":"image\/png"}],"twitter_card":"summary_large_image","twitter_misc":{"Becs\u00fclt olvas\u00e1si id\u0151":"1 perc"},"schema":{"@context":"https:\/\/schema.org","@graph":[{"@type":"WebPage","@id":"https:\/\/proofit.tech\/hu\/letoltheto-koszono\/","url":"https:\/\/proofit.tech\/hu\/letoltheto-koszono\/","name":"Let\u00f6lthet\u0151 k\u00f6sz\u00f6n\u0151 - ProofIT","isPartOf":{"@id":"https:\/\/proofit.tech\/hu\/#website"},"primaryImageOfPage":{"@id":"https:\/\/proofit.tech\/hu\/letoltheto-koszono\/#primaryimage"},"image":{"@id":"https:\/\/proofit.tech\/hu\/letoltheto-koszono\/#primaryimage"},"thumbnailUrl":"https:\/\/proofit.tech\/wp-content\/uploads\/2026\/03\/header-logo-1.png","datePublished":"2026-03-16T08:54:04+00:00","dateModified":"2026-03-16T09:11:04+00:00","breadcrumb":{"@id":"https:\/\/proofit.tech\/hu\/letoltheto-koszono\/#breadcrumb"},"inLanguage":"hu","potentialAction":[{"@type":"ReadAction","target":["https:\/\/proofit.tech\/hu\/letoltheto-koszono\/"]}]},{"@type":"ImageObject","inLanguage":"hu","@id":"https:\/\/proofit.tech\/hu\/letoltheto-koszono\/#primaryimage","url":"https:\/\/proofit.tech\/wp-content\/uploads\/2026\/03\/header-logo-1.png","contentUrl":"https:\/\/proofit.tech\/wp-content\/uploads\/2026\/03\/header-logo-1.png"},{"@type":"BreadcrumbList","@id":"https:\/\/proofit.tech\/hu\/letoltheto-koszono\/#breadcrumb","itemListElement":[{"@type":"ListItem","position":1,"name":"Home","item":"https:\/\/proofit.tech\/hu\/"},{"@type":"ListItem","position":2,"name":"Let\u00f6lthet\u0151 k\u00f6sz\u00f6n\u0151"}]},{"@type":"WebSite","@id":"https:\/\/proofit.tech\/hu\/#website","url":"https:\/\/proofit.tech\/hu\/","name":"ProofIT","description":"V\u00e1llalati tesztautomatiz\u00e1ci\u00f3 fejleszt\u0151i k\u00e9pess\u00e9gek n\u00e9lk\u00fcl","publisher":{"@id":"https:\/\/proofit.tech\/hu\/#organization"},"potentialAction":[{"@type":"SearchAction","target":{"@type":"EntryPoint","urlTemplate":"https:\/\/proofit.tech\/hu\/?s={search_term_string}"},"query-input":{"@type":"PropertyValueSpecification","valueRequired":true,"valueName":"search_term_string"}}],"inLanguage":"hu"},{"@type":"Organization","@id":"https:\/\/proofit.tech\/hu\/#organization","name":"ProofIT Kft.","url":"https:\/\/proofit.tech\/hu\/","logo":{"@type":"ImageObject","inLanguage":"hu","@id":"https:\/\/proofit.tech\/hu\/#\/schema\/logo\/image\/","url":"https:\/\/proofit.tech\/wp-content\/uploads\/2018\/07\/header-logo.png","contentUrl":"https:\/\/proofit.tech\/wp-content\/uploads\/2018\/07\/header-logo.png","width":300,"height":102,"caption":"ProofIT Kft."},"image":{"@id":"https:\/\/proofit.tech\/hu\/#\/schema\/logo\/image\/"}}]}},"_links":{"self":[{"href":"https:\/\/proofit.tech\/hu\/wp-json\/wp\/v2\/pages\/6201","targetHints":{"allow":["GET"]}}],"collection":[{"href":"https:\/\/proofit.tech\/hu\/wp-json\/wp\/v2\/pages"}],"about":[{"href":"https:\/\/proofit.tech\/hu\/wp-json\/wp\/v2\/types\/page"}],"author":[{"embeddable":true,"href":"https:\/\/proofit.tech\/hu\/wp-json\/wp\/v2\/users\/4"}],"replies":[{"embeddable":true,"href":"https:\/\/proofit.tech\/hu\/wp-json\/wp\/v2\/comments?post=6201"}],"version-history":[{"count":10,"href":"https:\/\/proofit.tech\/hu\/wp-json\/wp\/v2\/pages\/6201\/revisions"}],"predecessor-version":[{"id":6250,"href":"https:\/\/proofit.tech\/hu\/wp-json\/wp\/v2\/pages\/6201\/revisions\/6250"}],"wp:attachment":[{"href":"https:\/\/proofit.tech\/hu\/wp-json\/wp\/v2\/media?parent=6201"}],"curies":[{"name":"wp","href":"https:\/\/api.w.org\/{rel}","templated":true}]}}