{"id":6188,"date":"2026-03-16T09:50:57","date_gmt":"2026-03-16T08:50:57","guid":{"rendered":"https:\/\/proofit.tech\/?page_id=6188"},"modified":"2026-03-16T09:53:42","modified_gmt":"2026-03-16T08:53:42","slug":"letoltheto","status":"publish","type":"page","link":"https:\/\/proofit.tech\/hu\/letoltheto\/","title":{"rendered":"Let\u00f6lthet\u0151"},"content":{"rendered":"\t\t<div data-elementor-type=\"wp-page\" data-elementor-id=\"6188\" class=\"elementor elementor-6188\" data-elementor-post-type=\"page\">\n\t\t\t\t<div class=\"elementor-element elementor-element-1ee5bf8e e-flex e-con-boxed e-con e-parent\" data-id=\"1ee5bf8e\" data-element_type=\"container\" data-e-type=\"container\" data-settings=\"{&quot;background_background&quot;:&quot;classic&quot;}\">\n\t\t\t\t\t<div class=\"e-con-inner\">\n\t\t<div class=\"elementor-element elementor-element-6338258e e-con-full e-flex e-con e-child\" data-id=\"6338258e\" data-element_type=\"container\" data-e-type=\"container\">\n\t\t\t\t<div class=\"elementor-element elementor-element-134a9fee elementor-widget elementor-widget-image\" data-id=\"134a9fee\" data-element_type=\"widget\" data-e-type=\"widget\" data-widget_type=\"image.default\">\n\t\t\t\t\t\t\t\t\t\t\t\t\t\t\t<img fetchpriority=\"high\" fetchpriority=\"high\" decoding=\"async\" width=\"1024\" height=\"576\" src=\"https:\/\/proofit.tech\/wp-content\/uploads\/2026\/03\/ProofIT-csali-1024x576.jpg\" class=\"attachment-large size-large wp-image-6190\" alt=\"\" srcset=\"https:\/\/proofit.tech\/wp-content\/uploads\/2026\/03\/ProofIT-csali-1024x576.jpg 1024w, https:\/\/proofit.tech\/wp-content\/uploads\/2026\/03\/ProofIT-csali-300x169.jpg 300w, https:\/\/proofit.tech\/wp-content\/uploads\/2026\/03\/ProofIT-csali-768x432.jpg 768w, https:\/\/proofit.tech\/wp-content\/uploads\/2026\/03\/ProofIT-csali-1536x864.jpg 1536w, https:\/\/proofit.tech\/wp-content\/uploads\/2026\/03\/ProofIT-csali.jpg 1920w\" sizes=\"(max-width: 1024px) 100vw, 1024px\" \/>\t\t\t\t\t\t\t\t\t\t\t\t\t\t\t<\/div>\n\t\t\t\t<div class=\"elementor-element elementor-element-37cb0387 elementor-widget__width-inherit elementor-widget-divider--view-line elementor-widget elementor-widget-divider\" data-id=\"37cb0387\" data-element_type=\"widget\" data-e-type=\"widget\" data-widget_type=\"divider.default\">\n\t\t\t\t\t\t\t<div class=\"elementor-divider\">\n\t\t\t<span class=\"elementor-divider-separator\">\n\t\t\t\t\t\t<\/span>\n\t\t<\/div>\n\t\t\t\t\t\t<\/div>\n\t\t\t\t<div class=\"elementor-element elementor-element-73d08aee elementor-widget__width-inherit elementor-button-align-stretch elementor-widget elementor-widget-form\" data-id=\"73d08aee\" data-element_type=\"widget\" data-e-type=\"widget\" data-settings=\"{&quot;button_width&quot;:&quot;50&quot;,&quot;step_next_label&quot;:&quot;Next&quot;,&quot;step_previous_label&quot;:&quot;Previous&quot;,&quot;step_type&quot;:&quot;number_text&quot;,&quot;step_icon_shape&quot;:&quot;circle&quot;}\" data-widget_type=\"form.default\">\n\t\t\t\t\t\t\t<form class=\"elementor-form\" method=\"post\" name=\"New Form\" aria-label=\"New Form\">\n\t\t\t<input type=\"hidden\" name=\"post_id\" value=\"6188\"\/>\n\t\t\t<input type=\"hidden\" name=\"form_id\" value=\"73d08aee\"\/>\n\t\t\t<input type=\"hidden\" name=\"referer_title\" value=\"Let\u00f6lthet\u0151 - ProofIT\" \/>\n\n\t\t\t\t\t\t\t<input type=\"hidden\" name=\"queried_id\" value=\"6188\"\/>\n\t\t\t\n\t\t\t<div class=\"elementor-form-fields-wrapper elementor-labels-above\">\n\t\t\t\t\t\t\t\t<div class=\"elementor-field-type-text elementor-field-group elementor-column elementor-field-group-field_148151d elementor-col-50 elementor-field-required\">\n\t\t\t\t\t\t\t\t\t\t\t\t<label for=\"form-field-field_148151d\" class=\"elementor-field-label\">\n\t\t\t\t\t\t\t\tN\u00e9v \/ C\u00e9gn\u00e9v\t\t\t\t\t\t\t<\/label>\n\t\t\t\t\t\t\t\t\t\t\t\t\t\t<input size=\"1\" type=\"text\" name=\"form_fields[field_148151d]\" id=\"form-field-field_148151d\" class=\"elementor-field elementor-size-md  elementor-field-textual\" placeholder=\"pl.: Kov\u00e1cs J\u00e1nos\" required=\"required\">\n\t\t\t\t\t\t\t\t\t\t\t<\/div>\n\t\t\t\t\t\t\t\t<div class=\"elementor-field-type-email elementor-field-group elementor-column elementor-field-group-email elementor-col-50 elementor-field-required\">\n\t\t\t\t\t\t\t\t\t\t\t\t<label for=\"form-field-email\" class=\"elementor-field-label\">\n\t\t\t\t\t\t\t\tE-mail c\u00edm\t\t\t\t\t\t\t<\/label>\n\t\t\t\t\t\t\t\t\t\t\t\t\t\t<input size=\"1\" type=\"email\" name=\"form_fields[email]\" id=\"form-field-email\" class=\"elementor-field elementor-size-md  elementor-field-textual\" placeholder=\"info@proofit.tech\" required=\"required\">\n\t\t\t\t\t\t\t\t\t\t\t<\/div>\n\t\t\t\t\t\t\t\t<div class=\"elementor-field-type-acceptance elementor-field-group elementor-column elementor-field-group-field_146ab2d elementor-col-50 elementor-field-required\">\n\t\t\t\t\t\t\t<div class=\"elementor-field-subgroup\">\n\t\t\t<span class=\"elementor-field-option\">\n\t\t\t\t<input type=\"checkbox\" name=\"form_fields[field_146ab2d]\" id=\"form-field-field_146ab2d\" class=\"elementor-field elementor-size-md  elementor-acceptance-field\" required=\"required\">\n\t\t\t\t<label for=\"form-field-field_146ab2d\">Elolvastam \u00e9s elfogadom az adatkezel\u00e9si t\u00e1j\u00e9koztat\u00f3t.<\/label>\t\t\t<\/span>\n\t\t<\/div>\n\t\t\t\t\t\t<\/div>\n\t\t\t\t\t\t\t\t<div class=\"elementor-field-type-text\">\n\t\t\t\t\t<input size=\"1\" type=\"text\" name=\"form_fields[field_620d174]\" id=\"form-field-field_620d174\" class=\"elementor-field elementor-size-md \" style=\"display:none !important;\">\t\t\t\t<\/div>\n\t\t\t\t\t\t\t\t<div class=\"elementor-field-group elementor-column elementor-field-type-submit elementor-col-50 e-form__buttons\">\n\t\t\t\t\t<button class=\"elementor-button elementor-size-md\" type=\"submit\">\n\t\t\t\t\t\t<span class=\"elementor-button-content-wrapper\">\n\t\t\t\t\t\t\t\t\t\t\t\t\t\t\t<span class=\"elementor-button-icon\">\n\t\t\t\t\t\t\t\t\t<svg aria-hidden=\"true\" class=\"e-font-icon-svg e-fas-arrow-right\" viewBox=\"0 0 448 512\" xmlns=\"http:\/\/www.w3.org\/2000\/svg\"><path d=\"M190.5 66.9l22.2-22.2c9.4-9.4 24.6-9.4 33.9 0L441 239c9.4 9.4 9.4 24.6 0 33.9L246.6 467.3c-9.4 9.4-24.6 9.4-33.9 0l-22.2-22.2c-9.5-9.5-9.3-25 .4-34.3L311.4 296H24c-13.3 0-24-10.7-24-24v-32c0-13.3 10.7-24 24-24h287.4L190.9 101.2c-9.8-9.3-10-24.8-.4-34.3z\"><\/path><\/svg>\t\t\t\t\t\t\t\t\t\t\t\t\t\t\t\t\t<\/span>\n\t\t\t\t\t\t\t\t\t\t\t\t\t\t\t\t\t\t\t\t\t\t<span class=\"elementor-button-text\">K\u00e9rem az \u00fatmutat\u00f3t<\/span>\n\t\t\t\t\t\t\t\t\t\t\t\t\t<\/span>\n\t\t\t\t\t<\/button>\n\t\t\t\t<\/div>\n\t\t\t<\/div>\n\t\t<\/form>\n\t\t\t\t\t\t<\/div>\n\t\t\t\t<\/div>\n\t\t<div class=\"elementor-element elementor-element-35ef5477 e-con-full e-flex e-con e-child\" data-id=\"35ef5477\" data-element_type=\"container\" data-e-type=\"container\">\n\t\t\t\t<div class=\"elementor-element elementor-element-435ec218 elementor-mobile-align-center elementor-widget-tablet__width-inherit elementor-align-center elementor-widget elementor-widget-button\" data-id=\"435ec218\" data-element_type=\"widget\" data-e-type=\"widget\" data-widget_type=\"button.default\">\n\t\t\t\t\t\t\t\t\t\t<a class=\"elementor-button elementor-size-sm\" role=\"button\">\n\t\t\t\t\t\t<span class=\"elementor-button-content-wrapper\">\n\t\t\t\t\t\t\t\t\t<span class=\"elementor-button-text\">INGYENES \u00daTMUTAT\u00d3<\/span>\n\t\t\t\t\t<\/span>\n\t\t\t\t\t<\/a>\n\t\t\t\t\t\t\t\t<\/div>\n\t\t\t\t<div class=\"elementor-element elementor-element-e6d4b8e elementor-widget__width-initial elementor-widget elementor-widget-heading\" data-id=\"e6d4b8e\" data-element_type=\"widget\" data-e-type=\"widget\" data-widget_type=\"heading.default\">\n\t\t\t\t\t<h2 class=\"elementor-heading-title elementor-size-default\">3+1 t\u00e9vhit a tesztautomatiz\u00e1ci\u00f3r\u00f3l<\/h2>\t\t\t\t<\/div>\n\t\t\t\t<div class=\"elementor-element elementor-element-13d0a353 elementor-widget__width-initial elementor-widget elementor-widget-heading\" data-id=\"13d0a353\" data-element_type=\"widget\" data-e-type=\"widget\" data-widget_type=\"heading.default\">\n\t\t\t\t\t<h2 class=\"elementor-heading-title elementor-size-default\">A leggyakoribb hib\u00e1s \u00e9rvek, amik miatt lemaradsz a val\u00f3di el\u0151ny\u00f6kr\u0151l<\/h2>\t\t\t\t<\/div>\n\t\t\t\t<div class=\"elementor-element elementor-element-25ef72d5 elementor-widget-tablet__width-initial elementor-widget-mobile__width-inherit elementor-widget__width-initial elementor-widget elementor-widget-text-editor\" data-id=\"25ef72d5\" data-element_type=\"widget\" data-e-type=\"widget\" data-widget_type=\"text-editor.default\">\n\t\t\t\t\t\t\t\t\t<p data-start=\"449\" data-end=\"570\">Sok fejleszt\u00e9si csapat az\u00e9rt halogatja a tesztautomatiz\u00e1ci\u00f3 bevezet\u00e9s\u00e9t, mert <strong>t\u00e9vhitek \u00e9s f\u00e9lre\u00e9rt\u00e9sek<\/strong> keringenek r\u00f3la.<\/p><p data-start=\"572\" data-end=\"699\">Pedig a <strong>manu\u00e1lis tesztel\u00e9s korl\u00e1tai<\/strong>, a <strong>hib\u00e1k k\u00e9s\u0151i felismer\u00e9se<\/strong> \u00e9s a<strong> lass\u00fa release-ciklusok<\/strong> komoly \u00fczleti kock\u00e1zatot jelentenek.<\/p>\t\t\t\t\t\t\t\t<\/div>\n\t\t\t\t<div class=\"elementor-element elementor-element-3e37d69a elementor-widget-tablet__width-initial elementor-widget-mobile__width-inherit elementor-widget__width-initial elementor-widget elementor-widget-text-editor\" data-id=\"3e37d69a\" data-element_type=\"widget\" data-e-type=\"widget\" data-widget_type=\"text-editor.default\">\n\t\t\t\t\t\t\t\t\t<p data-start=\"449\" data-end=\"570\">Ebben az \u00fatmutat\u00f3ban megmutatjuk:<\/p>\t\t\t\t\t\t\t\t<\/div>\n\t\t\t\t<div class=\"elementor-element elementor-element-4204560e elementor-widget__width-inherit elementor-widget-divider--view-line elementor-widget elementor-widget-divider\" data-id=\"4204560e\" data-element_type=\"widget\" data-e-type=\"widget\" data-widget_type=\"divider.default\">\n\t\t\t\t\t\t\t<div class=\"elementor-divider\">\n\t\t\t<span class=\"elementor-divider-separator\">\n\t\t\t\t\t\t<\/span>\n\t\t<\/div>\n\t\t\t\t\t\t<\/div>\n\t\t\t\t<div class=\"elementor-element elementor-element-6897228b elementor-widget__width-initial elementor-widget-mobile__width-inherit elementor-position-inline-start elementor-view-default elementor-mobile-position-block-start elementor-widget elementor-widget-icon-box\" data-id=\"6897228b\" data-element_type=\"widget\" data-e-type=\"widget\" data-widget_type=\"icon-box.default\">\n\t\t\t\t\t\t\t<div class=\"elementor-icon-box-wrapper\">\n\n\t\t\t\t\t\t<div class=\"elementor-icon-box-icon\">\n\t\t\t\t<span  class=\"elementor-icon\">\n\t\t\t\t<svg aria-hidden=\"true\" class=\"e-font-icon-svg e-fas-arrow-circle-right\" viewBox=\"0 0 512 512\" xmlns=\"http:\/\/www.w3.org\/2000\/svg\"><path d=\"M256 8c137 0 248 111 248 248S393 504 256 504 8 393 8 256 119 8 256 8zm-28.9 143.6l75.5 72.4H120c-13.3 0-24 10.7-24 24v16c0 13.3 10.7 24 24 24h182.6l-75.5 72.4c-9.7 9.3-9.9 24.8-.4 34.3l11 10.9c9.4 9.4 24.6 9.4 33.9 0L404.3 273c9.4-9.4 9.4-24.6 0-33.9L271.6 106.3c-9.4-9.4-24.6-9.4-33.9 0l-11 10.9c-9.5 9.6-9.3 25.1.4 34.4z\"><\/path><\/svg>\t\t\t\t<\/span>\n\t\t\t<\/div>\n\t\t\t\n\t\t\t\t\t\t<div class=\"elementor-icon-box-content\">\n\n\t\t\t\t\n\t\t\t\t\t\t\t\t\t<p class=\"elementor-icon-box-description\">\n\t\t\t\t\t\tmelyek a <b>leggyakoribb t\u00e9vhitek,<\/b>\t\t\t\t\t<\/p>\n\t\t\t\t\n\t\t\t<\/div>\n\t\t\t\n\t\t<\/div>\n\t\t\t\t\t\t<\/div>\n\t\t\t\t<div class=\"elementor-element elementor-element-336e4c7f elementor-widget__width-initial elementor-widget-mobile__width-inherit elementor-position-inline-start elementor-view-default elementor-mobile-position-block-start elementor-widget elementor-widget-icon-box\" data-id=\"336e4c7f\" data-element_type=\"widget\" data-e-type=\"widget\" data-widget_type=\"icon-box.default\">\n\t\t\t\t\t\t\t<div class=\"elementor-icon-box-wrapper\">\n\n\t\t\t\t\t\t<div class=\"elementor-icon-box-icon\">\n\t\t\t\t<span  class=\"elementor-icon\">\n\t\t\t\t<svg aria-hidden=\"true\" class=\"e-font-icon-svg e-fas-arrow-circle-right\" viewBox=\"0 0 512 512\" xmlns=\"http:\/\/www.w3.org\/2000\/svg\"><path d=\"M256 8c137 0 248 111 248 248S393 504 256 504 8 393 8 256 119 8 256 8zm-28.9 143.6l75.5 72.4H120c-13.3 0-24 10.7-24 24v16c0 13.3 10.7 24 24 24h182.6l-75.5 72.4c-9.7 9.3-9.9 24.8-.4 34.3l11 10.9c9.4 9.4 24.6 9.4 33.9 0L404.3 273c9.4-9.4 9.4-24.6 0-33.9L271.6 106.3c-9.4-9.4-24.6-9.4-33.9 0l-11 10.9c-9.5 9.6-9.3 25.1.4 34.4z\"><\/path><\/svg>\t\t\t\t<\/span>\n\t\t\t<\/div>\n\t\t\t\n\t\t\t\t\t\t<div class=\"elementor-icon-box-content\">\n\n\t\t\t\t\n\t\t\t\t\t\t\t\t\t<p class=\"elementor-icon-box-description\">\n\t\t\t\t\t\tmi t\u00f6rt\u00e9nik a gyakorlatban, ha ezek alapj\u00e1n d\u00f6ntesz,\t\t\t\t\t<\/p>\n\t\t\t\t\n\t\t\t<\/div>\n\t\t\t\n\t\t<\/div>\n\t\t\t\t\t\t<\/div>\n\t\t\t\t<div class=\"elementor-element elementor-element-45eb3f69 elementor-widget__width-initial elementor-widget-mobile__width-inherit elementor-position-inline-start elementor-view-default elementor-mobile-position-block-start elementor-widget elementor-widget-icon-box\" data-id=\"45eb3f69\" data-element_type=\"widget\" data-e-type=\"widget\" data-widget_type=\"icon-box.default\">\n\t\t\t\t\t\t\t<div class=\"elementor-icon-box-wrapper\">\n\n\t\t\t\t\t\t<div class=\"elementor-icon-box-icon\">\n\t\t\t\t<span  class=\"elementor-icon\">\n\t\t\t\t<svg aria-hidden=\"true\" class=\"e-font-icon-svg e-fas-arrow-circle-right\" viewBox=\"0 0 512 512\" xmlns=\"http:\/\/www.w3.org\/2000\/svg\"><path d=\"M256 8c137 0 248 111 248 248S393 504 256 504 8 393 8 256 119 8 256 8zm-28.9 143.6l75.5 72.4H120c-13.3 0-24 10.7-24 24v16c0 13.3 10.7 24 24 24h182.6l-75.5 72.4c-9.7 9.3-9.9 24.8-.4 34.3l11 10.9c9.4 9.4 24.6 9.4 33.9 0L404.3 273c9.4-9.4 9.4-24.6 0-33.9L271.6 106.3c-9.4-9.4-24.6-9.4-33.9 0l-11 10.9c-9.5 9.6-9.3 25.1.4 34.4z\"><\/path><\/svg>\t\t\t\t<\/span>\n\t\t\t<\/div>\n\t\t\t\n\t\t\t\t\t\t<div class=\"elementor-icon-box-content\">\n\n\t\t\t\t\n\t\t\t\t\t\t\t\t\t<p class=\"elementor-icon-box-description\">\n\t\t\t\t\t\t\u00e9s <b>hogyan \u00e9rhet\u0151 el ak\u00e1r 200\u2013300% ROI \u00e9s jelent\u0151sen gyorsabb release-ciklus <\/b>automatiz\u00e1lt tesztel\u00e9ssel.\t\t\t\t\t<\/p>\n\t\t\t\t\n\t\t\t<\/div>\n\t\t\t\n\t\t<\/div>\n\t\t\t\t\t\t<\/div>\n\t\t\t\t<\/div>\n\t\t\t\t\t<\/div>\n\t\t\t\t<\/div>\n\t\t\t\t<\/div>\n\t\t","protected":false},"excerpt":{"rendered":"<p>INGYENES \u00daTMUTAT\u00d3 3+1 t\u00e9vhit a tesztautomatiz\u00e1ci\u00f3r\u00f3l A leggyakoribb hib\u00e1s \u00e9rvek, amik miatt lemaradsz a val\u00f3di el\u0151ny\u00f6kr\u0151l Sok fejleszt\u00e9si csapat az\u00e9rt halogatja a tesztautomatiz\u00e1ci\u00f3 bevezet\u00e9s\u00e9t, mert t\u00e9vhitek \u00e9s f\u00e9lre\u00e9rt\u00e9sek keringenek r\u00f3la. Pedig a manu\u00e1lis tesztel\u00e9s korl\u00e1tai, a hib\u00e1k k\u00e9s\u0151i felismer\u00e9se \u00e9s a lass\u00fa release-ciklusok komoly \u00fczleti kock\u00e1zatot jelentenek. Ebben az \u00fatmutat\u00f3ban megmutatjuk: melyek a leggyakoribb t\u00e9vhitek, [&hellip;]<\/p>\n","protected":false},"author":4,"featured_media":0,"parent":0,"menu_order":0,"comment_status":"closed","ping_status":"closed","template":"","meta":{"_et_pb_use_builder":"","_et_pb_old_content":"","_et_gb_content_width":"","footnotes":""},"class_list":["post-6188","page","type-page","status-publish","hentry"],"yoast_head":"<!-- This site is optimized with the Yoast SEO plugin v27.3 - https:\/\/yoast.com\/product\/yoast-seo-wordpress\/ -->\n<title>Let\u00f6lthet\u0151 - ProofIT<\/title>\n<meta name=\"robots\" content=\"index, follow, max-snippet:-1, max-image-preview:large, max-video-preview:-1\" \/>\n<link rel=\"canonical\" href=\"https:\/\/proofit.tech\/hu\/letoltheto\/\" \/>\n<meta property=\"og:locale\" content=\"hu_HU\" \/>\n<meta property=\"og:type\" content=\"article\" \/>\n<meta property=\"og:title\" content=\"Let\u00f6lthet\u0151 - ProofIT\" \/>\n<meta property=\"og:description\" content=\"INGYENES \u00daTMUTAT\u00d3 3+1 t\u00e9vhit a tesztautomatiz\u00e1ci\u00f3r\u00f3l A leggyakoribb hib\u00e1s \u00e9rvek, amik miatt lemaradsz a val\u00f3di el\u0151ny\u00f6kr\u0151l Sok fejleszt\u00e9si csapat az\u00e9rt halogatja a tesztautomatiz\u00e1ci\u00f3 bevezet\u00e9s\u00e9t, mert t\u00e9vhitek \u00e9s f\u00e9lre\u00e9rt\u00e9sek keringenek r\u00f3la. Pedig a manu\u00e1lis tesztel\u00e9s korl\u00e1tai, a hib\u00e1k k\u00e9s\u0151i felismer\u00e9se \u00e9s a lass\u00fa release-ciklusok komoly \u00fczleti kock\u00e1zatot jelentenek. Ebben az \u00fatmutat\u00f3ban megmutatjuk: melyek a leggyakoribb t\u00e9vhitek, [&hellip;]\" \/>\n<meta property=\"og:url\" content=\"https:\/\/proofit.tech\/hu\/letoltheto\/\" \/>\n<meta property=\"og:site_name\" content=\"ProofIT\" \/>\n<meta property=\"article:modified_time\" content=\"2026-03-16T08:53:42+00:00\" \/>\n<meta property=\"og:image\" content=\"https:\/\/proofit.tech\/wp-content\/uploads\/2026\/03\/ProofIT-csali.jpg\" \/>\n\t<meta property=\"og:image:width\" content=\"1920\" \/>\n\t<meta property=\"og:image:height\" content=\"1080\" \/>\n\t<meta property=\"og:image:type\" content=\"image\/jpeg\" \/>\n<meta name=\"twitter:card\" content=\"summary_large_image\" \/>\n<meta name=\"twitter:label1\" content=\"Becs\u00fclt olvas\u00e1si id\u0151\" \/>\n\t<meta name=\"twitter:data1\" content=\"1 perc\" \/>\n<script type=\"application\/ld+json\" class=\"yoast-schema-graph\">{\"@context\":\"https:\\\/\\\/schema.org\",\"@graph\":[{\"@type\":\"WebPage\",\"@id\":\"https:\\\/\\\/proofit.tech\\\/hu\\\/letoltheto\\\/\",\"url\":\"https:\\\/\\\/proofit.tech\\\/hu\\\/letoltheto\\\/\",\"name\":\"Let\u00f6lthet\u0151 - ProofIT\",\"isPartOf\":{\"@id\":\"https:\\\/\\\/proofit.tech\\\/hu\\\/#website\"},\"primaryImageOfPage\":{\"@id\":\"https:\\\/\\\/proofit.tech\\\/hu\\\/letoltheto\\\/#primaryimage\"},\"image\":{\"@id\":\"https:\\\/\\\/proofit.tech\\\/hu\\\/letoltheto\\\/#primaryimage\"},\"thumbnailUrl\":\"https:\\\/\\\/proofit.tech\\\/wp-content\\\/uploads\\\/2026\\\/03\\\/ProofIT-csali-1024x576.jpg\",\"datePublished\":\"2026-03-16T08:50:57+00:00\",\"dateModified\":\"2026-03-16T08:53:42+00:00\",\"breadcrumb\":{\"@id\":\"https:\\\/\\\/proofit.tech\\\/hu\\\/letoltheto\\\/#breadcrumb\"},\"inLanguage\":\"hu\",\"potentialAction\":[{\"@type\":\"ReadAction\",\"target\":[\"https:\\\/\\\/proofit.tech\\\/hu\\\/letoltheto\\\/\"]}]},{\"@type\":\"ImageObject\",\"inLanguage\":\"hu\",\"@id\":\"https:\\\/\\\/proofit.tech\\\/hu\\\/letoltheto\\\/#primaryimage\",\"url\":\"https:\\\/\\\/proofit.tech\\\/wp-content\\\/uploads\\\/2026\\\/03\\\/ProofIT-csali-1024x576.jpg\",\"contentUrl\":\"https:\\\/\\\/proofit.tech\\\/wp-content\\\/uploads\\\/2026\\\/03\\\/ProofIT-csali-1024x576.jpg\"},{\"@type\":\"BreadcrumbList\",\"@id\":\"https:\\\/\\\/proofit.tech\\\/hu\\\/letoltheto\\\/#breadcrumb\",\"itemListElement\":[{\"@type\":\"ListItem\",\"position\":1,\"name\":\"Home\",\"item\":\"https:\\\/\\\/proofit.tech\\\/hu\\\/\"},{\"@type\":\"ListItem\",\"position\":2,\"name\":\"Let\u00f6lthet\u0151\"}]},{\"@type\":\"WebSite\",\"@id\":\"https:\\\/\\\/proofit.tech\\\/hu\\\/#website\",\"url\":\"https:\\\/\\\/proofit.tech\\\/hu\\\/\",\"name\":\"ProofIT\",\"description\":\"V\u00e1llalati tesztautomatiz\u00e1ci\u00f3 fejleszt\u0151i k\u00e9pess\u00e9gek n\u00e9lk\u00fcl\",\"publisher\":{\"@id\":\"https:\\\/\\\/proofit.tech\\\/hu\\\/#organization\"},\"potentialAction\":[{\"@type\":\"SearchAction\",\"target\":{\"@type\":\"EntryPoint\",\"urlTemplate\":\"https:\\\/\\\/proofit.tech\\\/hu\\\/?s={search_term_string}\"},\"query-input\":{\"@type\":\"PropertyValueSpecification\",\"valueRequired\":true,\"valueName\":\"search_term_string\"}}],\"inLanguage\":\"hu\"},{\"@type\":\"Organization\",\"@id\":\"https:\\\/\\\/proofit.tech\\\/hu\\\/#organization\",\"name\":\"ProofIT Kft.\",\"url\":\"https:\\\/\\\/proofit.tech\\\/hu\\\/\",\"logo\":{\"@type\":\"ImageObject\",\"inLanguage\":\"hu\",\"@id\":\"https:\\\/\\\/proofit.tech\\\/hu\\\/#\\\/schema\\\/logo\\\/image\\\/\",\"url\":\"https:\\\/\\\/proofit.tech\\\/wp-content\\\/uploads\\\/2018\\\/07\\\/header-logo.png\",\"contentUrl\":\"https:\\\/\\\/proofit.tech\\\/wp-content\\\/uploads\\\/2018\\\/07\\\/header-logo.png\",\"width\":300,\"height\":102,\"caption\":\"ProofIT Kft.\"},\"image\":{\"@id\":\"https:\\\/\\\/proofit.tech\\\/hu\\\/#\\\/schema\\\/logo\\\/image\\\/\"}}]}<\/script>\n<!-- \/ Yoast SEO plugin. -->","yoast_head_json":{"title":"Let\u00f6lthet\u0151 - ProofIT","robots":{"index":"index","follow":"follow","max-snippet":"max-snippet:-1","max-image-preview":"max-image-preview:large","max-video-preview":"max-video-preview:-1"},"canonical":"https:\/\/proofit.tech\/hu\/letoltheto\/","og_locale":"hu_HU","og_type":"article","og_title":"Let\u00f6lthet\u0151 - ProofIT","og_description":"INGYENES \u00daTMUTAT\u00d3 3+1 t\u00e9vhit a tesztautomatiz\u00e1ci\u00f3r\u00f3l A leggyakoribb hib\u00e1s \u00e9rvek, amik miatt lemaradsz a val\u00f3di el\u0151ny\u00f6kr\u0151l Sok fejleszt\u00e9si csapat az\u00e9rt halogatja a tesztautomatiz\u00e1ci\u00f3 bevezet\u00e9s\u00e9t, mert t\u00e9vhitek \u00e9s f\u00e9lre\u00e9rt\u00e9sek keringenek r\u00f3la. Pedig a manu\u00e1lis tesztel\u00e9s korl\u00e1tai, a hib\u00e1k k\u00e9s\u0151i felismer\u00e9se \u00e9s a lass\u00fa release-ciklusok komoly \u00fczleti kock\u00e1zatot jelentenek. Ebben az \u00fatmutat\u00f3ban megmutatjuk: melyek a leggyakoribb t\u00e9vhitek, [&hellip;]","og_url":"https:\/\/proofit.tech\/hu\/letoltheto\/","og_site_name":"ProofIT","article_modified_time":"2026-03-16T08:53:42+00:00","og_image":[{"width":1920,"height":1080,"url":"https:\/\/proofit.tech\/wp-content\/uploads\/2026\/03\/ProofIT-csali.jpg","type":"image\/jpeg"}],"twitter_card":"summary_large_image","twitter_misc":{"Becs\u00fclt olvas\u00e1si id\u0151":"1 perc"},"schema":{"@context":"https:\/\/schema.org","@graph":[{"@type":"WebPage","@id":"https:\/\/proofit.tech\/hu\/letoltheto\/","url":"https:\/\/proofit.tech\/hu\/letoltheto\/","name":"Let\u00f6lthet\u0151 - ProofIT","isPartOf":{"@id":"https:\/\/proofit.tech\/hu\/#website"},"primaryImageOfPage":{"@id":"https:\/\/proofit.tech\/hu\/letoltheto\/#primaryimage"},"image":{"@id":"https:\/\/proofit.tech\/hu\/letoltheto\/#primaryimage"},"thumbnailUrl":"https:\/\/proofit.tech\/wp-content\/uploads\/2026\/03\/ProofIT-csali-1024x576.jpg","datePublished":"2026-03-16T08:50:57+00:00","dateModified":"2026-03-16T08:53:42+00:00","breadcrumb":{"@id":"https:\/\/proofit.tech\/hu\/letoltheto\/#breadcrumb"},"inLanguage":"hu","potentialAction":[{"@type":"ReadAction","target":["https:\/\/proofit.tech\/hu\/letoltheto\/"]}]},{"@type":"ImageObject","inLanguage":"hu","@id":"https:\/\/proofit.tech\/hu\/letoltheto\/#primaryimage","url":"https:\/\/proofit.tech\/wp-content\/uploads\/2026\/03\/ProofIT-csali-1024x576.jpg","contentUrl":"https:\/\/proofit.tech\/wp-content\/uploads\/2026\/03\/ProofIT-csali-1024x576.jpg"},{"@type":"BreadcrumbList","@id":"https:\/\/proofit.tech\/hu\/letoltheto\/#breadcrumb","itemListElement":[{"@type":"ListItem","position":1,"name":"Home","item":"https:\/\/proofit.tech\/hu\/"},{"@type":"ListItem","position":2,"name":"Let\u00f6lthet\u0151"}]},{"@type":"WebSite","@id":"https:\/\/proofit.tech\/hu\/#website","url":"https:\/\/proofit.tech\/hu\/","name":"ProofIT","description":"V\u00e1llalati tesztautomatiz\u00e1ci\u00f3 fejleszt\u0151i k\u00e9pess\u00e9gek n\u00e9lk\u00fcl","publisher":{"@id":"https:\/\/proofit.tech\/hu\/#organization"},"potentialAction":[{"@type":"SearchAction","target":{"@type":"EntryPoint","urlTemplate":"https:\/\/proofit.tech\/hu\/?s={search_term_string}"},"query-input":{"@type":"PropertyValueSpecification","valueRequired":true,"valueName":"search_term_string"}}],"inLanguage":"hu"},{"@type":"Organization","@id":"https:\/\/proofit.tech\/hu\/#organization","name":"ProofIT Kft.","url":"https:\/\/proofit.tech\/hu\/","logo":{"@type":"ImageObject","inLanguage":"hu","@id":"https:\/\/proofit.tech\/hu\/#\/schema\/logo\/image\/","url":"https:\/\/proofit.tech\/wp-content\/uploads\/2018\/07\/header-logo.png","contentUrl":"https:\/\/proofit.tech\/wp-content\/uploads\/2018\/07\/header-logo.png","width":300,"height":102,"caption":"ProofIT Kft."},"image":{"@id":"https:\/\/proofit.tech\/hu\/#\/schema\/logo\/image\/"}}]}},"_links":{"self":[{"href":"https:\/\/proofit.tech\/hu\/wp-json\/wp\/v2\/pages\/6188","targetHints":{"allow":["GET"]}}],"collection":[{"href":"https:\/\/proofit.tech\/hu\/wp-json\/wp\/v2\/pages"}],"about":[{"href":"https:\/\/proofit.tech\/hu\/wp-json\/wp\/v2\/types\/page"}],"author":[{"embeddable":true,"href":"https:\/\/proofit.tech\/hu\/wp-json\/wp\/v2\/users\/4"}],"replies":[{"embeddable":true,"href":"https:\/\/proofit.tech\/hu\/wp-json\/wp\/v2\/comments?post=6188"}],"version-history":[{"count":7,"href":"https:\/\/proofit.tech\/hu\/wp-json\/wp\/v2\/pages\/6188\/revisions"}],"predecessor-version":[{"id":6200,"href":"https:\/\/proofit.tech\/hu\/wp-json\/wp\/v2\/pages\/6188\/revisions\/6200"}],"wp:attachment":[{"href":"https:\/\/proofit.tech\/hu\/wp-json\/wp\/v2\/media?parent=6188"}],"curies":[{"name":"wp","href":"https:\/\/api.w.org\/{rel}","templated":true}]}}