{"id":6049,"date":"2026-03-16T07:44:41","date_gmt":"2026-03-16T06:44:41","guid":{"rendered":"https:\/\/proofit.tech\/?page_id=6049"},"modified":"2026-03-16T10:09:49","modified_gmt":"2026-03-16T09:09:49","slug":"koszono-oldal","status":"publish","type":"page","link":"https:\/\/proofit.tech\/hu\/koszono-oldal\/","title":{"rendered":"K\u00f6sz\u00f6n\u0151 oldal"},"content":{"rendered":"\t\t<div data-elementor-type=\"wp-page\" data-elementor-id=\"6049\" class=\"elementor elementor-6049\" data-elementor-post-type=\"page\">\n\t\t\t\t<div class=\"elementor-element elementor-element-ea17b21 e-flex e-con-boxed e-con e-parent\" data-id=\"ea17b21\" data-element_type=\"container\" data-e-type=\"container\" data-settings=\"{&quot;background_background&quot;:&quot;classic&quot;}\">\n\t\t\t\t\t<div class=\"e-con-inner\">\n\t\t<div class=\"elementor-element elementor-element-1c742e0f e-con-full e-flex e-con e-child\" data-id=\"1c742e0f\" data-element_type=\"container\" data-e-type=\"container\">\n\t\t\t\t<div class=\"elementor-element elementor-element-22e044bc elementor-mobile-align-center elementor-align-left elementor-widget-tablet__width-inherit elementor-widget elementor-widget-button\" data-id=\"22e044bc\" data-element_type=\"widget\" data-e-type=\"widget\" data-widget_type=\"button.default\">\n\t\t\t\t\t\t\t\t\t\t<a class=\"elementor-button elementor-button-link elementor-size-sm\" href=\"https:\/\/proofit.tech\/\">\n\t\t\t\t\t\t<span class=\"elementor-button-content-wrapper\">\n\t\t\t\t\t\t<span class=\"elementor-button-icon\">\n\t\t\t\t<svg aria-hidden=\"true\" class=\"e-font-icon-svg e-fas-arrow-left\" viewBox=\"0 0 448 512\" xmlns=\"http:\/\/www.w3.org\/2000\/svg\"><path d=\"M257.5 445.1l-22.2 22.2c-9.4 9.4-24.6 9.4-33.9 0L7 273c-9.4-9.4-9.4-24.6 0-33.9L201.4 44.7c9.4-9.4 24.6-9.4 33.9 0l22.2 22.2c9.5 9.5 9.3 25-.4 34.3L136.6 216H424c13.3 0 24 10.7 24 24v32c0 13.3-10.7 24-24 24H136.6l120.5 114.8c9.8 9.3 10 24.8.4 34.3z\"><\/path><\/svg>\t\t\t<\/span>\n\t\t\t\t\t\t\t\t\t<span class=\"elementor-button-text\">Vissza a f\u0151oldalra<\/span>\n\t\t\t\t\t<\/span>\n\t\t\t\t\t<\/a>\n\t\t\t\t\t\t\t\t<\/div>\n\t\t<div class=\"elementor-element elementor-element-8c0dcbf e-con-full e-flex e-con e-child\" data-id=\"8c0dcbf\" data-element_type=\"container\" data-e-type=\"container\" data-settings=\"{&quot;background_background&quot;:&quot;classic&quot;}\">\n\t\t\t\t<div class=\"elementor-element elementor-element-e135054 elementor-widget-mobile__width-initial elementor-widget elementor-widget-image-box\" data-id=\"e135054\" data-element_type=\"widget\" data-e-type=\"widget\" data-widget_type=\"image-box.default\">\n\t\t\t\t\t<div class=\"elementor-image-box-wrapper\"><div class=\"elementor-image-box-content\"><h3 class=\"elementor-image-box-title\">K\u00f6sz\u00f6nj\u00fck a megkeres\u00e9st!<\/h3><p class=\"elementor-image-box-description\">Koll\u00e9g\u00e1ink hamarosan felveszik veled a kapcsolatot.<\/p><\/div><\/div>\t\t\t\t<\/div>\n\t\t<div class=\"elementor-element elementor-element-6b1618cb e-con-full e-flex e-con e-child\" data-id=\"6b1618cb\" data-element_type=\"container\" data-e-type=\"container\">\n\t\t\t\t<div class=\"elementor-element elementor-element-421be511 elementor-widget elementor-widget-image\" data-id=\"421be511\" data-element_type=\"widget\" data-e-type=\"widget\" data-widget_type=\"image.default\">\n\t\t\t\t\t\t\t\t\t\t\t\t\t\t\t<img fetchpriority=\"high\" fetchpriority=\"high\" decoding=\"async\" width=\"643\" height=\"219\" src=\"https:\/\/proofit.tech\/wp-content\/uploads\/2026\/03\/header-logo-1.png\" class=\"attachment-large size-large wp-image-6051\" alt=\"\" srcset=\"https:\/\/proofit.tech\/wp-content\/uploads\/2026\/03\/header-logo-1.png 643w, https:\/\/proofit.tech\/wp-content\/uploads\/2026\/03\/header-logo-1-300x102.png 300w\" sizes=\"(max-width: 643px) 100vw, 643px\" \/>\t\t\t\t\t\t\t\t\t\t\t\t\t\t\t<\/div>\n\t\t\t\t<\/div>\n\t\t\t\t<\/div>\n\t\t\t\t<\/div>\n\t\t\t\t\t<\/div>\n\t\t\t\t<\/div>\n\t\t\t\t<\/div>\n\t\t","protected":false},"excerpt":{"rendered":"<p>Vissza a f\u0151oldalra K\u00f6sz\u00f6nj\u00fck a megkeres\u00e9st! Koll\u00e9g\u00e1ink hamarosan felveszik veled a kapcsolatot.<\/p>\n","protected":false},"author":4,"featured_media":0,"parent":0,"menu_order":0,"comment_status":"closed","ping_status":"closed","template":"elementor_canvas","meta":{"_et_pb_use_builder":"","_et_pb_old_content":"","_et_gb_content_width":"","footnotes":""},"class_list":["post-6049","page","type-page","status-publish","hentry"],"yoast_head":"<!-- This site is optimized with the Yoast SEO plugin v27.3 - https:\/\/yoast.com\/product\/yoast-seo-wordpress\/ -->\n<title>K\u00f6sz\u00f6n\u0151 oldal - ProofIT<\/title>\n<meta name=\"robots\" content=\"index, follow, max-snippet:-1, max-image-preview:large, max-video-preview:-1\" \/>\n<link rel=\"canonical\" href=\"https:\/\/proofit.tech\/hu\/koszono-oldal\/\" \/>\n<meta property=\"og:locale\" content=\"hu_HU\" \/>\n<meta property=\"og:type\" content=\"article\" \/>\n<meta property=\"og:title\" content=\"K\u00f6sz\u00f6n\u0151 oldal - ProofIT\" \/>\n<meta property=\"og:description\" content=\"Vissza a f\u0151oldalra K\u00f6sz\u00f6nj\u00fck a megkeres\u00e9st! Koll\u00e9g\u00e1ink hamarosan felveszik veled a kapcsolatot.\" \/>\n<meta property=\"og:url\" content=\"https:\/\/proofit.tech\/hu\/koszono-oldal\/\" \/>\n<meta property=\"og:site_name\" content=\"ProofIT\" \/>\n<meta property=\"article:modified_time\" content=\"2026-03-16T09:09:49+00:00\" \/>\n<meta property=\"og:image\" content=\"https:\/\/proofit.tech\/wp-content\/uploads\/2026\/03\/header-logo-1.png\" \/>\n\t<meta property=\"og:image:width\" content=\"643\" \/>\n\t<meta property=\"og:image:height\" content=\"219\" \/>\n\t<meta property=\"og:image:type\" content=\"image\/png\" \/>\n<meta name=\"twitter:card\" content=\"summary_large_image\" \/>\n<meta name=\"twitter:label1\" content=\"Becs\u00fclt olvas\u00e1si id\u0151\" \/>\n\t<meta name=\"twitter:data1\" content=\"1 perc\" \/>\n<script type=\"application\/ld+json\" class=\"yoast-schema-graph\">{\"@context\":\"https:\\\/\\\/schema.org\",\"@graph\":[{\"@type\":\"WebPage\",\"@id\":\"https:\\\/\\\/proofit.tech\\\/hu\\\/koszono-oldal\\\/\",\"url\":\"https:\\\/\\\/proofit.tech\\\/hu\\\/koszono-oldal\\\/\",\"name\":\"K\u00f6sz\u00f6n\u0151 oldal - ProofIT\",\"isPartOf\":{\"@id\":\"https:\\\/\\\/proofit.tech\\\/hu\\\/#website\"},\"primaryImageOfPage\":{\"@id\":\"https:\\\/\\\/proofit.tech\\\/hu\\\/koszono-oldal\\\/#primaryimage\"},\"image\":{\"@id\":\"https:\\\/\\\/proofit.tech\\\/hu\\\/koszono-oldal\\\/#primaryimage\"},\"thumbnailUrl\":\"https:\\\/\\\/proofit.tech\\\/wp-content\\\/uploads\\\/2026\\\/03\\\/header-logo-1.png\",\"datePublished\":\"2026-03-16T06:44:41+00:00\",\"dateModified\":\"2026-03-16T09:09:49+00:00\",\"breadcrumb\":{\"@id\":\"https:\\\/\\\/proofit.tech\\\/hu\\\/koszono-oldal\\\/#breadcrumb\"},\"inLanguage\":\"hu\",\"potentialAction\":[{\"@type\":\"ReadAction\",\"target\":[\"https:\\\/\\\/proofit.tech\\\/hu\\\/koszono-oldal\\\/\"]}]},{\"@type\":\"ImageObject\",\"inLanguage\":\"hu\",\"@id\":\"https:\\\/\\\/proofit.tech\\\/hu\\\/koszono-oldal\\\/#primaryimage\",\"url\":\"https:\\\/\\\/proofit.tech\\\/wp-content\\\/uploads\\\/2026\\\/03\\\/header-logo-1.png\",\"contentUrl\":\"https:\\\/\\\/proofit.tech\\\/wp-content\\\/uploads\\\/2026\\\/03\\\/header-logo-1.png\"},{\"@type\":\"BreadcrumbList\",\"@id\":\"https:\\\/\\\/proofit.tech\\\/hu\\\/koszono-oldal\\\/#breadcrumb\",\"itemListElement\":[{\"@type\":\"ListItem\",\"position\":1,\"name\":\"Home\",\"item\":\"https:\\\/\\\/proofit.tech\\\/hu\\\/\"},{\"@type\":\"ListItem\",\"position\":2,\"name\":\"K\u00f6sz\u00f6n\u0151 oldal\"}]},{\"@type\":\"WebSite\",\"@id\":\"https:\\\/\\\/proofit.tech\\\/hu\\\/#website\",\"url\":\"https:\\\/\\\/proofit.tech\\\/hu\\\/\",\"name\":\"ProofIT\",\"description\":\"V\u00e1llalati tesztautomatiz\u00e1ci\u00f3 fejleszt\u0151i k\u00e9pess\u00e9gek n\u00e9lk\u00fcl\",\"publisher\":{\"@id\":\"https:\\\/\\\/proofit.tech\\\/hu\\\/#organization\"},\"potentialAction\":[{\"@type\":\"SearchAction\",\"target\":{\"@type\":\"EntryPoint\",\"urlTemplate\":\"https:\\\/\\\/proofit.tech\\\/hu\\\/?s={search_term_string}\"},\"query-input\":{\"@type\":\"PropertyValueSpecification\",\"valueRequired\":true,\"valueName\":\"search_term_string\"}}],\"inLanguage\":\"hu\"},{\"@type\":\"Organization\",\"@id\":\"https:\\\/\\\/proofit.tech\\\/hu\\\/#organization\",\"name\":\"ProofIT Kft.\",\"url\":\"https:\\\/\\\/proofit.tech\\\/hu\\\/\",\"logo\":{\"@type\":\"ImageObject\",\"inLanguage\":\"hu\",\"@id\":\"https:\\\/\\\/proofit.tech\\\/hu\\\/#\\\/schema\\\/logo\\\/image\\\/\",\"url\":\"https:\\\/\\\/proofit.tech\\\/wp-content\\\/uploads\\\/2018\\\/07\\\/header-logo.png\",\"contentUrl\":\"https:\\\/\\\/proofit.tech\\\/wp-content\\\/uploads\\\/2018\\\/07\\\/header-logo.png\",\"width\":300,\"height\":102,\"caption\":\"ProofIT Kft.\"},\"image\":{\"@id\":\"https:\\\/\\\/proofit.tech\\\/hu\\\/#\\\/schema\\\/logo\\\/image\\\/\"}}]}<\/script>\n<!-- \/ Yoast SEO plugin. -->","yoast_head_json":{"title":"K\u00f6sz\u00f6n\u0151 oldal - ProofIT","robots":{"index":"index","follow":"follow","max-snippet":"max-snippet:-1","max-image-preview":"max-image-preview:large","max-video-preview":"max-video-preview:-1"},"canonical":"https:\/\/proofit.tech\/hu\/koszono-oldal\/","og_locale":"hu_HU","og_type":"article","og_title":"K\u00f6sz\u00f6n\u0151 oldal - ProofIT","og_description":"Vissza a f\u0151oldalra K\u00f6sz\u00f6nj\u00fck a megkeres\u00e9st! Koll\u00e9g\u00e1ink hamarosan felveszik veled a kapcsolatot.","og_url":"https:\/\/proofit.tech\/hu\/koszono-oldal\/","og_site_name":"ProofIT","article_modified_time":"2026-03-16T09:09:49+00:00","og_image":[{"width":643,"height":219,"url":"https:\/\/proofit.tech\/wp-content\/uploads\/2026\/03\/header-logo-1.png","type":"image\/png"}],"twitter_card":"summary_large_image","twitter_misc":{"Becs\u00fclt olvas\u00e1si id\u0151":"1 perc"},"schema":{"@context":"https:\/\/schema.org","@graph":[{"@type":"WebPage","@id":"https:\/\/proofit.tech\/hu\/koszono-oldal\/","url":"https:\/\/proofit.tech\/hu\/koszono-oldal\/","name":"K\u00f6sz\u00f6n\u0151 oldal - ProofIT","isPartOf":{"@id":"https:\/\/proofit.tech\/hu\/#website"},"primaryImageOfPage":{"@id":"https:\/\/proofit.tech\/hu\/koszono-oldal\/#primaryimage"},"image":{"@id":"https:\/\/proofit.tech\/hu\/koszono-oldal\/#primaryimage"},"thumbnailUrl":"https:\/\/proofit.tech\/wp-content\/uploads\/2026\/03\/header-logo-1.png","datePublished":"2026-03-16T06:44:41+00:00","dateModified":"2026-03-16T09:09:49+00:00","breadcrumb":{"@id":"https:\/\/proofit.tech\/hu\/koszono-oldal\/#breadcrumb"},"inLanguage":"hu","potentialAction":[{"@type":"ReadAction","target":["https:\/\/proofit.tech\/hu\/koszono-oldal\/"]}]},{"@type":"ImageObject","inLanguage":"hu","@id":"https:\/\/proofit.tech\/hu\/koszono-oldal\/#primaryimage","url":"https:\/\/proofit.tech\/wp-content\/uploads\/2026\/03\/header-logo-1.png","contentUrl":"https:\/\/proofit.tech\/wp-content\/uploads\/2026\/03\/header-logo-1.png"},{"@type":"BreadcrumbList","@id":"https:\/\/proofit.tech\/hu\/koszono-oldal\/#breadcrumb","itemListElement":[{"@type":"ListItem","position":1,"name":"Home","item":"https:\/\/proofit.tech\/hu\/"},{"@type":"ListItem","position":2,"name":"K\u00f6sz\u00f6n\u0151 oldal"}]},{"@type":"WebSite","@id":"https:\/\/proofit.tech\/hu\/#website","url":"https:\/\/proofit.tech\/hu\/","name":"ProofIT","description":"V\u00e1llalati tesztautomatiz\u00e1ci\u00f3 fejleszt\u0151i k\u00e9pess\u00e9gek n\u00e9lk\u00fcl","publisher":{"@id":"https:\/\/proofit.tech\/hu\/#organization"},"potentialAction":[{"@type":"SearchAction","target":{"@type":"EntryPoint","urlTemplate":"https:\/\/proofit.tech\/hu\/?s={search_term_string}"},"query-input":{"@type":"PropertyValueSpecification","valueRequired":true,"valueName":"search_term_string"}}],"inLanguage":"hu"},{"@type":"Organization","@id":"https:\/\/proofit.tech\/hu\/#organization","name":"ProofIT Kft.","url":"https:\/\/proofit.tech\/hu\/","logo":{"@type":"ImageObject","inLanguage":"hu","@id":"https:\/\/proofit.tech\/hu\/#\/schema\/logo\/image\/","url":"https:\/\/proofit.tech\/wp-content\/uploads\/2018\/07\/header-logo.png","contentUrl":"https:\/\/proofit.tech\/wp-content\/uploads\/2018\/07\/header-logo.png","width":300,"height":102,"caption":"ProofIT Kft."},"image":{"@id":"https:\/\/proofit.tech\/hu\/#\/schema\/logo\/image\/"}}]}},"_links":{"self":[{"href":"https:\/\/proofit.tech\/hu\/wp-json\/wp\/v2\/pages\/6049","targetHints":{"allow":["GET"]}}],"collection":[{"href":"https:\/\/proofit.tech\/hu\/wp-json\/wp\/v2\/pages"}],"about":[{"href":"https:\/\/proofit.tech\/hu\/wp-json\/wp\/v2\/types\/page"}],"author":[{"embeddable":true,"href":"https:\/\/proofit.tech\/hu\/wp-json\/wp\/v2\/users\/4"}],"replies":[{"embeddable":true,"href":"https:\/\/proofit.tech\/hu\/wp-json\/wp\/v2\/comments?post=6049"}],"version-history":[{"count":13,"href":"https:\/\/proofit.tech\/hu\/wp-json\/wp\/v2\/pages\/6049\/revisions"}],"predecessor-version":[{"id":6246,"href":"https:\/\/proofit.tech\/hu\/wp-json\/wp\/v2\/pages\/6049\/revisions\/6246"}],"wp:attachment":[{"href":"https:\/\/proofit.tech\/hu\/wp-json\/wp\/v2\/media?parent=6049"}],"curies":[{"name":"wp","href":"https:\/\/api.w.org\/{rel}","templated":true}]}}